{"id":387,"date":"2025-06-14T15:36:19","date_gmt":"2025-06-14T13:36:19","guid":{"rendered":"http:\/\/nathalie-eft.fr\/?page_id=387"},"modified":"2026-02-01T10:10:37","modified_gmt":"2026-02-01T09:10:37","slug":"cgu","status":"publish","type":"page","link":"https:\/\/nathalie-eft.fr\/index.php\/cgu\/","title":{"rendered":"CGU"},"content":{"rendered":"\t\t<div data-elementor-type=\"wp-page\" data-elementor-id=\"387\" class=\"elementor elementor-387\" data-elementor-post-type=\"page\">\n\t\t\t\t<div class=\"elementor-element elementor-element-66429cb e-flex e-con-boxed e-con e-parent\" data-id=\"66429cb\" data-element_type=\"container\" data-e-type=\"container\">\n\t\t\t\t\t<div class=\"e-con-inner\">\n\t\t\t\t<div class=\"elementor-element elementor-element-04ef8d4 elementor-widget elementor-widget-heading\" data-id=\"04ef8d4\" data-element_type=\"widget\" data-e-type=\"widget\" data-widget_type=\"heading.default\">\n\t\t\t\t<div class=\"elementor-widget-container\">\n\t\t\t\t\t<h2 class=\"elementor-heading-title elementor-size-default\">\nConditions G\u00e9n\u00e9rales d\u2019Utilisation\n<\/h2>\t\t\t\t<\/div>\n\t\t\t\t<\/div>\n\t\t\t\t<div class=\"elementor-element elementor-element-7cc4765 elementor-widget elementor-widget-text-editor\" data-id=\"7cc4765\" data-element_type=\"widget\" data-e-type=\"widget\" data-widget_type=\"text-editor.default\">\n\t\t\t\t<div class=\"elementor-widget-container\">\n\t\t\t\t\t\t\t\t\t<div class=\"elementor-element elementor-element-7474056 elementor-widget elementor-widget-text-editor\" data-id=\"7474056\" data-element_type=\"widget\" data-widget_type=\"text-editor.default\"><div class=\"elementor-widget-container\"><p>En vigueur au 16\/06\/2025<\/p><p>Les pr\u00e9sentes conditions g\u00e9n\u00e9rales d\u2019utilisation (dites \u00ab CGU \u00bb) ont pour objet l\u2019encadrement juridique des modalit\u00e9s de mise \u00e0 disposition du site et des services par <strong>Nathalie DEUTSCHE<\/strong> et de d\u00e9finir les conditions d\u2019acc\u00e8s et d\u2019utilisation des services par \u00ab l\u2019Utilisateur \u00bb.<\/p><p>Les pr\u00e9sentes CGU sont accessibles sur le site \u00e0 la rubrique \u00ab CGU \u00bb.<\/p><\/div><\/div><div class=\"elementor-element elementor-element-c663ac5 elementor-widget elementor-widget-heading\" data-id=\"c663ac5\" data-element_type=\"widget\" data-widget_type=\"heading.default\"><div class=\"elementor-widget-container\"><h3>\u00a0<\/h3><h3 class=\"elementor-heading-title elementor-size-default\">ARTICLE 1 : Les mentions l\u00e9gales<\/h3><p>Propri\u00e9taire du site : <strong>Nathalie DEUTSCHE<\/strong><\/p><\/div><\/div><div class=\"elementor-element elementor-element-09751ac elementor-widget elementor-widget-text-editor\" data-id=\"09751ac\" data-element_type=\"widget\" data-widget_type=\"text-editor.default\"><div class=\"elementor-widget-container\"><p>SIRET : <strong>82950549400015<\/strong><b><br \/><\/b><\/p><p>Code APE :<strong> 8690F<\/strong><\/p><p>Activit\u00e9s : <strong>Nathalie DEUTSCHE exerce l\u2019EFT clinique<\/strong><b><br \/><\/b><\/p><p>L\u2019\u00e9dition, la direction et le responsable de la publication du site <strong>www.nathalie-eft.fr <\/strong>est assur\u00e9e<br \/>par<strong> Nathalie DEUTSCHE.<\/strong><\/p><p>Adresse professionnelle :\u00a0<strong>100 rue de CERNAY 51100 REIMS<\/strong><\/p><p>Num\u00e9ro de t\u00e9l\u00e9phone : <strong>06 24 15 56 77<\/strong><\/p><p>Adresse e-mail : <strong>nathaliedeutsche@gmail.com<\/strong><\/p><p>H\u00e9bergeur : <strong>OVH SAS \u2013 2 rue Kellermann \u2013 BP 80157 \u2013 59053 Roubaix Cedex 1<\/strong><\/p><p>D\u00e9l\u00e9gu\u00e9 \u00e0 la protection des donn\u00e9es : <strong>Nathalie DEUTSCHE<\/strong><\/p><p>Cr\u00e9ation originale design graphique (logo et charte graphique) : <strong>EI Virginie P\u00e9tratos, AvecToi<\/strong><strong><br \/><\/strong><\/p><p>Webmaster :<strong> EI Virginie P\u00e9tratos<\/strong>, <strong>AvecToi<\/strong><strong><br \/><\/strong><\/p><p>contact : <strong>virginiepetratos.com<\/strong><\/p><div class=\"elementor-element elementor-element-3d7aa9f elementor-widget elementor-widget-heading\" data-id=\"3d7aa9f\" data-element_type=\"widget\" data-widget_type=\"heading.default\"><div class=\"elementor-widget-container\"><h3>\u00a0<\/h3><h3 class=\"elementor-heading-title elementor-size-default\">ARTICLE 2 : Conditions g\u00e9n\u00e9rales d\u2019utilisation du site et services propos\u00e9s<\/h3><\/div><\/div><div class=\"elementor-element elementor-element-b0398d9 elementor-widget elementor-widget-text-editor\" data-id=\"b0398d9\" data-element_type=\"widget\" data-widget_type=\"text-editor.default\"><div class=\"elementor-widget-container\"><p>Le site <strong>www.nathalie-eft.fr<\/strong> permet \u00e0 l\u2019Utilisateur un acc\u00e8s gratuit aux services suivants :<\/p><p>\u2013 pr\u00e9sentation de l\u2019activit\u00e9 professionnelle de <strong>Nathalie DEUTSCHE<\/strong><br \/>\u2013 conditions g\u00e9n\u00e9rales de vente de <strong>Nathalie DEUTSCHE<\/strong><br \/>Le site est accessible gratuitement en tout lieu \u00e0 tout Utilisateur ayant un acc\u00e8s \u00e0 Internet. Tous les frais support\u00e9s par l\u2019Utilisateur pour acc\u00e9der au service (mat\u00e9riel informatique, logiciels, connexion Internet, etc.) sont \u00e0 sa charge.<\/p><p><strong>Aucune des informations, contenus et produits mentionn\u00e9s dans nos articles et publications ne sont destin\u00e9s \u00e0 diagnostiquer, traiter, att\u00e9nuer ou gu\u00e9rir une maladie.<\/strong><\/p><p><strong>Aucun traitement ne devrait \u00eatre entrepris en se fondant uniquement sur<\/strong><br \/><strong>le contenu du site.<\/strong><\/p><p><strong>L\u2019EFT clinique ne pose pas de<\/strong><br \/><strong>diagnostic et travaillent toujours en collaboration avec la m\u00e9decine conventionnelle allopathique.<\/strong><\/p><p>Les informations et renseignements diffus\u00e9s par votre praticienne en EFT clinique ne constituent pas une incitation \u00e0 quitter la m\u00e9decine conventionnelle ou \u00e0 arr\u00eater un traitement quelconque. <strong>Les conseils donn\u00e9s \u00e0 la fin de la consultation n\u2019est pas une ordonnance et ne remplace pas un traitement prescrit par le m\u00e9decin.<\/strong><\/p><\/div><\/div><div class=\"elementor-element elementor-element-23578af elementor-widget elementor-widget-heading\" data-id=\"23578af\" data-element_type=\"widget\" data-widget_type=\"heading.default\"><div class=\"elementor-widget-container\">\u00a0<\/div><\/div><div class=\"elementor-element elementor-element-95cded2 elementor-widget elementor-widget-text-editor\" data-id=\"95cded2\" data-element_type=\"widget\" data-widget_type=\"text-editor.default\"><div class=\"elementor-widget-container\"><div class=\"elementor-element elementor-element-e5d008e elementor-widget elementor-widget-heading\" data-id=\"e5d008e\" data-element_type=\"widget\" data-widget_type=\"heading.default\"><div class=\"elementor-widget-container\"><h3 class=\"elementor-heading-title elementor-size-default\">ARTICLE 3 : La politique de confidentialit\u00e9 (RGPD)<\/h3><\/div><\/div><div class=\"elementor-element elementor-element-c426223 elementor-widget elementor-widget-text-editor\" data-id=\"c426223\" data-element_type=\"widget\" data-widget_type=\"text-editor.default\"><div class=\"elementor-widget-container\"><p>Les donn\u00e9es personnelles collect\u00e9es sur le formulaire de contact sont les suivantes : votre nom, pr\u00e9nom et adresse de messagerie.<br \/>Ces donn\u00e9es personnelles sont recueillies et enregistr\u00e9es par <strong>Nathalie DEUTSCHE.<\/strong><br \/>Les donn\u00e9es sont exclusivement stock\u00e9es dans l\u2019Union Europ\u00e9enne. La base l\u00e9gale du traitement de vos donn\u00e9es personnelles est votre consentement.<\/p><p>Ces donn\u00e9es personnelles sont utilis\u00e9es uniquement dans un but de prise de contact et pour recevoir la newsletters de <strong>Nathalie DEUTSCHE.<\/strong> Ces donn\u00e9es collect\u00e9es ne seront en aucun cas communiqu\u00e9e \u00e0 des tiers.<\/p><p>Les donn\u00e9es sont conserv\u00e9es pendant toute la dur\u00e9e de vie de l\u2019entreprise <strong>Nathalie DEUTSCHE.<\/strong> Vous pouvez acc\u00e9der aux donn\u00e9es vous concernant, les rectifier, demander leur effacement ou exercer votre droit \u00e0 la limitation du traitement de vos donn\u00e9es en me contactant par mail : <strong>nathaliedeutsche@gmail.com<\/strong><\/p><p>Vous pouvez retirer \u00e0 tout moment votre consentement au traitement de vos donn\u00e9es en vous d\u00e9sinscrivant de ma base de donn\u00e9es en me contactant par mail : <strong>nathaliedeutsche@gmail.com<\/strong><br \/>Pour exercer ces droits ou pour toute question sur le traitement de vos donn\u00e9es dans ce dispositif, vous pouvez me contacter par mail : <strong>nathaliedeutsche@gmail.com<\/strong><\/p><p>Si vous estimez, apr\u00e8s m\u2019avoir contact\u00e9, que vos droits \u00ab Informatique et Libert\u00e9s \u00bb ne sont pas respect\u00e9s, vous pouvez adresser une r\u00e9clamation \u00e0 la Commission Nationale de l\u2019Informatique et des Libert\u00e9s (CNIL) 3 Place de Fontenoy, TSA 80715, 75334 PARIS CEDEX 07, 01 53 73 22 22, <u><a href=\"http:\/\/www.cnil.fr\">www.cnil.fr<\/a><\/u><\/p><div class=\"elementor-element elementor-element-9cd8331 elementor-widget elementor-widget-heading\" data-id=\"9cd8331\" data-element_type=\"widget\" data-widget_type=\"heading.default\"><div class=\"elementor-widget-container\"><h3>\u00a0<\/h3><h3 class=\"elementor-heading-title elementor-size-default\">ARTICLE 4 : Propri\u00e9t\u00e9 intellectuelle<\/h3><\/div><\/div><div class=\"elementor-element elementor-element-4b0a1ad elementor-widget elementor-widget-text-editor\" data-id=\"4b0a1ad\" data-element_type=\"widget\" data-widget_type=\"text-editor.default\"><div class=\"elementor-widget-container\"><p>Les marques, logos, signes ainsi que tous les contenus du site (textes, images, son, vid\u00e9os\u2026) font l\u2019objet d\u2019une protection par le Code de la propri\u00e9t\u00e9 intellectuelle et plus particuli\u00e8rement par le droit d\u2019auteur.<\/p><p>L\u2019Utilisateur doit solliciter l\u2019autorisation pr\u00e9alable du site pour toute reproduction, publication, copie des diff\u00e9rents contenus. Il s\u2019engage \u00e0 une utilisation des contenus du site dans un cadre strictement priv\u00e9, toute utilisation \u00e0 des fins commerciales et publicitaires est strictement interdite.<\/p><p>Toute repr\u00e9sentation totale ou partielle de ce site par quelque proc\u00e9d\u00e9 que ce soit, sans l\u2019autorisation expresse de l\u2019exploitant du site Internet constituerait une contrefa\u00e7on sanctionn\u00e9e par l\u2019article L 335-2 et suivants du Code de la propri\u00e9t\u00e9 intellectuelle.<\/p><p>Il est rappel\u00e9 conform\u00e9ment \u00e0 l\u2019article L122-5 du Code de propri\u00e9t\u00e9 intellectuelle que l\u2019Utilisateur qui reproduit, copie ou publie le contenu prot\u00e9g\u00e9 doit citer l\u2019auteur et sa source.<\/p><\/div><\/div><div class=\"elementor-element elementor-element-0bf416d elementor-widget elementor-widget-heading\" data-id=\"0bf416d\" data-element_type=\"widget\" data-widget_type=\"heading.default\"><div class=\"elementor-widget-container\"><h3>\u00a0<\/h3><h3 class=\"elementor-heading-title elementor-size-default\">ARTICLE 5 : Responsabilit\u00e9<\/h3><\/div><\/div><div class=\"elementor-element elementor-element-80df6b3 elementor-widget elementor-widget-text-editor\" data-id=\"80df6b3\" data-element_type=\"widget\" data-widget_type=\"text-editor.default\"><div class=\"elementor-widget-container\"><p>Les sources des informations diffus\u00e9es sur le site <strong>www.nathalie-eft.fr<\/strong> sont r\u00e9put\u00e9es fiables mais le site ne garantit pas qu\u2019il soit exempt de d\u00e9fauts, d\u2019erreurs ou d\u2019omissions.<\/p><p>Les informations communiqu\u00e9es sont pr\u00e9sent\u00e9es \u00e0 titre indicatif et g\u00e9n\u00e9ral sans valeur contractuelle. Malgr\u00e9 des mises \u00e0 jour r\u00e9guli\u00e8res, le site <strong>www.nathalie-eft.fr<\/strong> ne peut \u00eatre tenu responsable de la modification des dispositions administratives et juridiques survenant apr\u00e8s publication. De m\u00eame, le site <strong>www.nathalie-eft.fr<\/strong> ne peut \u00eatre tenu responsable de l\u2019utilisation et de l\u2019interpr\u00e9tation de l\u2019information contenue dans ce site.<\/p><p>Le site <strong>www.nathalie-eft.fr<\/strong> ne peut \u00eatre tenu pour responsable d\u2019\u00e9ventuels virus qui pourraient infecter l\u2019ordinateur ou tout mat\u00e9riel informatique de l\u2019Internaute, suite \u00e0 une utilisation, \u00e0 l\u2019acc\u00e8s, ou au t\u00e9l\u00e9chargement provenant de ce site.<\/p><p>La responsabilit\u00e9 du site ne peut \u00eatre engag\u00e9e en cas de force majeure ou du fait impr\u00e9visible et insurmontable d\u2019un tiers.<\/p><\/div><\/div><div class=\"elementor-element elementor-element-e43e5b9 elementor-widget elementor-widget-heading\" data-id=\"e43e5b9\" data-element_type=\"widget\" data-widget_type=\"heading.default\"><div class=\"elementor-widget-container\"><h3>\u00a0<\/h3><h3 class=\"elementor-heading-title elementor-size-default\">ARTICLE 6 : Liens hypertextes<\/h3><\/div><\/div><div class=\"elementor-element elementor-element-ac21b51 elementor-widget elementor-widget-text-editor\" data-id=\"ac21b51\" data-element_type=\"widget\" data-widget_type=\"text-editor.default\"><div class=\"elementor-widget-container\"><p>Des liens hypertextes peuvent \u00eatre pr\u00e9sents sur le site. L\u2019Utilisateur est inform\u00e9 qu\u2019en cliquant sur ces liens, il sortira du site <strong>www.nathalie-eft.fr.<\/strong> Ce dernier n\u2019a pas de contr\u00f4le sur les pages web sur lesquelles aboutissent ces liens et ne saurait, en aucun cas, \u00eatre responsable de leur contenu.<\/p><\/div><\/div><div class=\"elementor-element elementor-element-2b37635 elementor-widget elementor-widget-heading\" data-id=\"2b37635\" data-element_type=\"widget\" data-widget_type=\"heading.default\"><div class=\"elementor-widget-container\"><h3>\u00a0<\/h3><h3 class=\"elementor-heading-title elementor-size-default\">ARTICLE 7 : Cookies<\/h3><\/div><\/div><div class=\"elementor-element elementor-element-2ceb5da elementor-widget elementor-widget-text-editor\" data-id=\"2ceb5da\" data-element_type=\"widget\" data-widget_type=\"text-editor.default\"><div class=\"elementor-widget-container\"><p>L\u2019Utilisateur est inform\u00e9 que lors de ses visites sur le site, un cookie peut s\u2019installer automatiquement sur son logiciel de navigation.<\/p><p>Les cookies sont de petits fichiers stock\u00e9s temporairement sur le disque dur de l\u2019ordinateur de l\u2019Utilisateur par votre navigateur et qui sont n\u00e9cessaires \u00e0 l\u2019utilisation du site <strong>www.nathalie-eft.fr.<\/strong> Les cookies ne contiennent pas d\u2019information personnelle et ne peuvent pas \u00eatre<br \/>utilis\u00e9s pour identifier quelqu\u2019un. Un cookie contient un identifiant unique, g\u00e9n\u00e9r\u00e9 al\u00e9atoirement et donc anonyme. Certains cookies expirent \u00e0 la fin de la visite de l\u2019Utilisateur, d\u2019autres restent.<\/p><p>L\u2019information contenue dans les cookies est utilis\u00e9e pour am\u00e9liorer le site <strong>www.nathalie-eft.fr<\/strong><\/p><p>En naviguant sur le site, L\u2019Utilisateur les accepte.<\/p><p>L\u2019Utilisateur doit toutefois donner son consentement quant \u00e0 l\u2019utilisation de certains cookies.<\/p><p>\u00c0 d\u00e9faut d\u2019acceptation, l\u2019Utilisateur est inform\u00e9 que certaines fonctionnalit\u00e9s ou pages risquent de lui \u00eatre refus\u00e9es.<\/p><p>L\u2019Utilisateur pourra d\u00e9sactiver ces cookies par l\u2019interm\u00e9diaire des param\u00e8tres figurant au sein de son logiciel de navigation.<\/p><\/div><\/div><div class=\"elementor-element elementor-element-992c10d elementor-widget elementor-widget-heading\" data-id=\"992c10d\" data-element_type=\"widget\" data-widget_type=\"heading.default\"><div class=\"elementor-widget-container\"><h3>\u00a0<\/h3><h3 class=\"elementor-heading-title elementor-size-default\">ARTICLE 8 : Publication par l\u2019Utilisateur<\/h3><\/div><\/div><div class=\"elementor-element elementor-element-4a13df2 elementor-widget elementor-widget-text-editor\" data-id=\"4a13df2\" data-element_type=\"widget\" data-widget_type=\"text-editor.default\"><div class=\"elementor-widget-container\"><p>Le site ne permet pas aux utilisateurs de publier de contenus.<\/p><\/div><\/div><div class=\"elementor-element elementor-element-bf62e5d elementor-widget elementor-widget-heading\" data-id=\"bf62e5d\" data-element_type=\"widget\" data-widget_type=\"heading.default\"><div class=\"elementor-widget-container\"><h3>\u00a0<\/h3><h3 class=\"elementor-heading-title elementor-size-default\">ARTICLE 9 : Droit applicable et juridiction comp\u00e9tente<\/h3><\/div><\/div><div class=\"elementor-element elementor-element-84c9b09 elementor-widget elementor-widget-text-editor\" data-id=\"84c9b09\" data-element_type=\"widget\" data-widget_type=\"text-editor.default\"><div class=\"elementor-widget-container\"><p>La l\u00e9gislation fran\u00e7aise s\u2019applique au pr\u00e9sent contrat. En cas d\u2019absence de r\u00e9solution amiable d\u2019un litige n\u00e9 entre les parties, les tribunaux fran\u00e7ais seront seuls comp\u00e9tents pour en conna\u00eetre.<\/p><p>Pour toute question relative \u00e0 l\u2019application des pr\u00e9sentes CGU, vous pouvez joindre l\u2019\u00e9diteur aux coordonn\u00e9es inscrites \u00e0 l\u2019ARTICLE 1.<\/p><\/div><\/div><\/div><\/div><\/div><\/div><\/div><\/div>\t\t\t\t\t\t\t\t<\/div>\n\t\t\t\t<\/div>\n\t\t\t\t\t<\/div>\n\t\t\t\t<\/div>\n\t\t\t\t<\/div>\n\t\t","protected":false},"excerpt":{"rendered":"<p>Conditions G\u00e9n\u00e9rales d\u2019Utilisation En vigueur au 16\/06\/2025 Les pr\u00e9sentes conditions g\u00e9n\u00e9rales d\u2019utilisation (dites \u00ab CGU \u00bb) ont pour objet l\u2019encadrement juridique des modalit\u00e9s de mise \u00e0 disposition du site et des services par Nathalie DEUTSCHE et de d\u00e9finir les conditions d\u2019acc\u00e8s et d\u2019utilisation des services par \u00ab l\u2019Utilisateur \u00bb. Les pr\u00e9sentes CGU sont accessibles sur [&hellip;]<\/p>\n","protected":false},"author":2,"featured_media":0,"parent":0,"menu_order":0,"comment_status":"closed","ping_status":"closed","template":"","meta":{"footnotes":""},"class_list":["post-387","page","type-page","status-publish","hentry"],"_links":{"self":[{"href":"https:\/\/nathalie-eft.fr\/index.php\/wp-json\/wp\/v2\/pages\/387","targetHints":{"allow":["GET"]}}],"collection":[{"href":"https:\/\/nathalie-eft.fr\/index.php\/wp-json\/wp\/v2\/pages"}],"about":[{"href":"https:\/\/nathalie-eft.fr\/index.php\/wp-json\/wp\/v2\/types\/page"}],"author":[{"embeddable":true,"href":"https:\/\/nathalie-eft.fr\/index.php\/wp-json\/wp\/v2\/users\/2"}],"replies":[{"embeddable":true,"href":"https:\/\/nathalie-eft.fr\/index.php\/wp-json\/wp\/v2\/comments?post=387"}],"version-history":[{"count":22,"href":"https:\/\/nathalie-eft.fr\/index.php\/wp-json\/wp\/v2\/pages\/387\/revisions"}],"predecessor-version":[{"id":1157,"href":"https:\/\/nathalie-eft.fr\/index.php\/wp-json\/wp\/v2\/pages\/387\/revisions\/1157"}],"wp:attachment":[{"href":"https:\/\/nathalie-eft.fr\/index.php\/wp-json\/wp\/v2\/media?parent=387"}],"curies":[{"name":"wp","href":"https:\/\/api.w.org\/{rel}","templated":true}]}}